{"id":10642,"date":"2020-11-12T10:03:27","date_gmt":"2020-11-12T10:03:27","guid":{"rendered":"https:\/\/keenitsolutions.com\/products\/wordpress\/reobiz\/?page_id=10642"},"modified":"2024-04-28T23:09:09","modified_gmt":"2024-04-28T23:09:09","slug":"ecommerce-3","status":"publish","type":"page","link":"https:\/\/ouacompany.com\/?page_id=10642","title":{"rendered":"E-Commerce"},"content":{"rendered":"\t\t<div data-elementor-type=\"wp-page\" data-elementor-id=\"10642\" class=\"elementor elementor-10642\" data-elementor-settings=\"[]\">\n\t\t\t\t\t\t\t<div class=\"elementor-section-wrap\">\n\t\t\t\t\t\t\t<section class=\"elementor-section elementor-top-section elementor-element elementor-element-5b14b9b2 elementor-section-stretched elementor-section-boxed elementor-section-height-default elementor-section-height-default\" data-id=\"5b14b9b2\" data-element_type=\"section\" data-settings=\"{&quot;stretch_section&quot;:&quot;section-stretched&quot;,&quot;background_background&quot;:&quot;gradient&quot;}\">\n\t\t\t\t\t\t\t<div class=\"elementor-background-overlay\"><\/div>\n\t\t\t\t\t\t\t<div class=\"elementor-container elementor-column-gap-default\">\n\t\t\t\t\t<div class=\"elementor-column elementor-col-100 elementor-top-column elementor-element elementor-element-25f618dc\" data-id=\"25f618dc\" data-element_type=\"column\">\n\t\t\t<div class=\"elementor-widget-wrap elementor-element-populated\">\n\t\t\t\t\t\t\t\t<div class=\"elementor-element elementor-element-17395d06 elementor-absolute elementor-widget__width-initial elementor-widget elementor-widget-rs-image\" data-id=\"17395d06\" data-element_type=\"widget\" data-settings=\"{&quot;_position&quot;:&quot;absolute&quot;}\" data-widget_type=\"rs-image.default\">\n\t\t\t\t<div class=\"elementor-widget-container\">\n\t\t\t\n        <div class=\"rs-image yes\">\n                            <img decoding=\"async\" class=\"rs-multi-image rotated_style\" src=\"https:\/\/keenitsolutions.com\/products\/wordpress\/reobiz\/wp-content\/uploads\/2020\/11\/banner_circle_shape.png\" alt=\"image\"\/>\n                    <\/div>\n\n\n              \n    \t\t<\/div>\n\t\t\t\t<\/div>\n\t\t\t\t<section class=\"elementor-section elementor-inner-section elementor-element elementor-element-663f1922 banner-content_2 elementor-section-full_width elementor-section-height-default elementor-section-height-default\" data-id=\"663f1922\" data-element_type=\"section\" data-settings=\"{&quot;background_background&quot;:&quot;classic&quot;}\">\n\t\t\t\t\t\t<div class=\"elementor-container elementor-column-gap-default\">\n\t\t\t\t\t<div class=\"elementor-column elementor-col-50 elementor-inner-column elementor-element elementor-element-180db998\" data-id=\"180db998\" data-element_type=\"column\">\n\t\t\t<div class=\"elementor-widget-wrap elementor-element-populated\">\n\t\t\t\t\t\t\t\t<div class=\"elementor-element elementor-element-76e8df0e animated-slow elementor-invisible elementor-widget elementor-widget-rs-heading\" data-id=\"76e8df0e\" data-element_type=\"widget\" data-settings=\"{&quot;_animation&quot;:&quot;fadeInDown&quot;}\" data-widget_type=\"rs-heading.default\">\n\t\t\t\t<div class=\"elementor-widget-container\">\n\t\t\t        <div class=\"rs-heading style12  \">\r\n        \t<div class=\"title-inner\">\r\n        \t\t      \t\t\r\n\t            <h2 class=\"title\"><span class=\"watermark\"><\/span>Solutions<\/h2>\t        <\/div>\r\n\t                <\/div>\r\n\r\n        \t\t<\/div>\n\t\t\t\t<\/div>\n\t\t\t\t<div class=\"elementor-element elementor-element-7e7c1cf5 animated-slow elementor-invisible elementor-widget elementor-widget-rs-heading\" data-id=\"7e7c1cf5\" data-element_type=\"widget\" data-settings=\"{&quot;_animation&quot;:&quot;slideInRight&quot;,&quot;_animation_delay&quot;:500}\" data-widget_type=\"rs-heading.default\">\n\t\t\t\t<div class=\"elementor-widget-container\">\n\t\t\t        <div class=\"rs-heading default  \">\r\n        \t<div class=\"title-inner\">\r\n        \t\t      \t\t\r\n\t            <h2 class=\"title\"><span class=\"watermark\"><\/span>E-Commerce<\/h2>\t        <\/div>\r\n\t                    \t<div class=\"description\">\r\n            \t\t<p>Vous \u00eates commer\u00e7ants et cherchez un moyen de vendre facilement en ligne?<\/p>            \t\t\r\n            \t<\/div>\r\n        \t        <\/div>\r\n\r\n        \t\t<\/div>\n\t\t\t\t<\/div>\n\t\t\t\t<div class=\"elementor-element elementor-element-2adbc7b1 animated-slow elementor-invisible elementor-widget elementor-widget-rs-button\" data-id=\"2adbc7b1\" data-element_type=\"widget\" data-settings=\"{&quot;_animation&quot;:&quot;fadeInUp&quot;,&quot;_animation_delay&quot;:600}\" data-widget_type=\"rs-button.default\">\n\t\t\t\t<div class=\"elementor-widget-container\">\n\t\t\t\t\r\n\t\t\r\n\t\t<div class=\"rs-btn\">\r\n\t\t\t\t\t\t<a class=\"readon rs_button\" href=\"mailto:info@ouacompany.com\" >\t\t\t\t\r\n\t\t\t\t<span class=\"btn_text\">Devenir vendeur OuaDakar<\/span>\r\n\t\t\t\t\t\t\t<\/a>\r\n\t\t<\/div>    \r\n\t\t\t<\/div>\n\t\t\t\t<\/div>\n\t\t\t\t\t<\/div>\n\t\t<\/div>\n\t\t\t\t<div class=\"elementor-column elementor-col-50 elementor-inner-column elementor-element elementor-element-26b0d1c6\" data-id=\"26b0d1c6\" data-element_type=\"column\">\n\t\t\t<div class=\"elementor-widget-wrap elementor-element-populated\">\n\t\t\t\t\t\t\t\t<div class=\"elementor-element elementor-element-098dfc3 elementor-widget elementor-widget-image\" data-id=\"098dfc3\" data-element_type=\"widget\" data-widget_type=\"image.default\">\n\t\t\t\t<div class=\"elementor-widget-container\">\n\t\t\t\t\t<div class=\"elementor-image\">\n\t\t\t\t\t\t\t\t\t\t<img loading=\"lazy\" decoding=\"async\" width=\"640\" height=\"640\" src=\"https:\/\/ouacompany.com\/wp-content\/uploads\/2021\/02\/Dakar_Color_PNG-1024x1024.png\" class=\"attachment-large size-large\" alt=\"\" srcset=\"https:\/\/ouacompany.com\/wp-content\/uploads\/2021\/02\/Dakar_Color_PNG-1024x1024.png 1024w, https:\/\/ouacompany.com\/wp-content\/uploads\/2021\/02\/Dakar_Color_PNG-300x300.png 300w, https:\/\/ouacompany.com\/wp-content\/uploads\/2021\/02\/Dakar_Color_PNG-150x150.png 150w, https:\/\/ouacompany.com\/wp-content\/uploads\/2021\/02\/Dakar_Color_PNG-768x768.png 768w, https:\/\/ouacompany.com\/wp-content\/uploads\/2021\/02\/Dakar_Color_PNG-500x500.png 500w, https:\/\/ouacompany.com\/wp-content\/uploads\/2021\/02\/Dakar_Color_PNG-1536x1536.png 1536w, https:\/\/ouacompany.com\/wp-content\/uploads\/2021\/02\/Dakar_Color_PNG-2048x2048.png 2048w, https:\/\/ouacompany.com\/wp-content\/uploads\/2021\/02\/Dakar_Color_PNG-600x600.png 600w, https:\/\/ouacompany.com\/wp-content\/uploads\/2021\/02\/Dakar_Color_PNG-100x100.png 100w\" sizes=\"auto, (max-width: 640px) 100vw, 640px\" \/>\t\t\t\t\t\t\t\t\t\t\t<\/div>\n\t\t\t\t<\/div>\n\t\t\t\t<\/div>\n\t\t\t\t\t<\/div>\n\t\t<\/div>\n\t\t\t\t\t\t\t<\/div>\n\t\t<\/section>\n\t\t\t\t<div class=\"elementor-element elementor-element-76807023 elementor-absolute elementor-hidden-phone elementor-widget elementor-widget-rs-image\" data-id=\"76807023\" data-element_type=\"widget\" data-settings=\"{&quot;_position&quot;:&quot;absolute&quot;}\" data-widget_type=\"rs-image.default\">\n\t\t\t\t<div class=\"elementor-widget-container\">\n\t\t\t\n        <div class=\"rs-image yes\">\n                            <img decoding=\"async\" class=\"rs-multi-image horizontal\" src=\"https:\/\/keenitsolutions.com\/products\/wordpress\/reobiz\/wp-content\/uploads\/2020\/11\/line_shape.png\" alt=\"image\"\/>\n                    <\/div>\n\n\n              \n    \t\t<\/div>\n\t\t\t\t<\/div>\n\t\t\t\t<div class=\"elementor-element elementor-element-740b4277 elementor-absolute elementor-hidden-tablet elementor-hidden-phone elementor-widget elementor-widget-rs-image\" data-id=\"740b4277\" data-element_type=\"widget\" data-settings=\"{&quot;_position&quot;:&quot;absolute&quot;}\" data-widget_type=\"rs-image.default\">\n\t\t\t\t<div class=\"elementor-widget-container\">\n\t\t\t\n        <div class=\"rs-image yes\">\n                            <img decoding=\"async\" class=\"rs-multi-image horizontal\" src=\"https:\/\/keenitsolutions.com\/products\/wordpress\/reobiz\/wp-content\/uploads\/2020\/11\/line_shape.png\" alt=\"image\"\/>\n                    <\/div>\n\n\n              \n    \t\t<\/div>\n\t\t\t\t<\/div>\n\t\t\t\t\t<\/div>\n\t\t<\/div>\n\t\t\t\t\t\t\t<\/div>\n\t\t<\/section>\n\t\t\t\t<section class=\"elementor-section elementor-top-section elementor-element elementor-element-6d3ca4f3 elementor-section-stretched z-index-10 elementor-section-boxed elementor-section-height-default elementor-section-height-default\" data-id=\"6d3ca4f3\" data-element_type=\"section\" data-settings=\"{&quot;stretch_section&quot;:&quot;section-stretched&quot;}\">\n\t\t\t\t\t\t<div class=\"elementor-container elementor-column-gap-default\">\n\t\t\t\t\t<div class=\"elementor-column elementor-col-33 elementor-top-column elementor-element elementor-element-ac3c6b0 animated-slow elementor-invisible\" data-id=\"ac3c6b0\" data-element_type=\"column\" data-settings=\"{&quot;animation&quot;:&quot;fadeIn&quot;}\">\n\t\t\t<div class=\"elementor-widget-wrap elementor-element-populated\">\n\t\t\t\t\t\t\t\t<div class=\"elementor-element elementor-element-6531ff49 elementor-widget elementor-widget-rs-service-grid\" data-id=\"6531ff49\" data-element_type=\"widget\" data-widget_type=\"rs-service-grid.default\">\n\t\t\t\t<div class=\"elementor-widget-container\">\n\t\t\t\t\t\r\n\t\t<div class=\" rs-addon-services services-style1 service_shape_\">\r\n\t\t    <div class=\"services-part style9-top\">\r\n\r\n\r\n\t\t    \t\t\t\t    \t\t    \t\t\r\n\t\t    \t\r\n\t\t    \t\t\t\r\n\t\t    \t\t\t\t\t\t    \t\t\t<div class=\"services-icon  image \">\r\n\r\n\t\t\t\t\t    \t\t\r\n\t\t\t\t\t    \t\t\t\t\t\t\t    \t\t\t<img decoding=\"async\" class=\"main-img\" src=\"https:\/\/keenitsolutions.com\/products\/wordpress\/reobiz\/wp-content\/uploads\/2020\/11\/service_icon.png\" alt=\"image\"\/>\r\n\t\t\t\t\t    \t\t\r\n\t\t\t\t\t    \t\t\t\t\t\t    \t\t<\/div>\r\n\t\t\t    \t\t\r\n\r\n\t\t    \t\t\t    \t\t       \r\n\t\t\t    <div class=\"services-text\">\r\n\r\n\t\t\t    \t\r\n\r\n\t\t\t    \t\t\t\t\t    \t<div class=\"services-title\">\t\t\t\t    \t\t\r\n\t\t\t\t    \t\t\t\t\t\t\t    \t\t\t\t\t\t\t    \t\t\t\r\n\t\t\t\t    \t\t<h2  class=\"title\"> <a href=\"https:\/\/ouadakar.net\/\"  >Marketplace OuaDakar<\/a><\/h2>\r\n\t\t\t\t    \t\t\t\t\t\t    \t\t\r\n\t\t\t\t    \t<\/div>\r\n\t\t\t    \t\t\r\n\r\n\t\t\t    \t\t\t\t    \t\t<p class=\"services-txt\">  En tant que commer\u00e7ant vous pouvez ais\u00e9ment ouvrir votre boutique en ligne sur la plateforme OuaDakar.net. Nous vous apportons un soutien quotidien dans la gestion de votre boutique en ligne.<\/p>\t\r\n\t\t\t    \t\t\r\n\r\n\r\n\r\n\t\t\t    \t\t    \t    \t\t\t    \t    \t\r\n\r\n\r\n\r\n\t\t\t    <\/div>\r\n\t\t\t<\/div>\r\n\t\t<\/div>\t\r\n\t\t\r\n\t\t\t<\/div>\n\t\t\t\t<\/div>\n\t\t\t\t\t<\/div>\n\t\t<\/div>\n\t\t\t\t<div class=\"elementor-column elementor-col-33 elementor-top-column elementor-element elementor-element-62769ba8 elementor-invisible\" data-id=\"62769ba8\" data-element_type=\"column\" data-settings=\"{&quot;animation&quot;:&quot;fadeIn&quot;}\">\n\t\t\t<div class=\"elementor-widget-wrap elementor-element-populated\">\n\t\t\t\t\t\t\t\t<div class=\"elementor-element elementor-element-225e8739 elementor-widget elementor-widget-rs-service-grid\" data-id=\"225e8739\" data-element_type=\"widget\" data-widget_type=\"rs-service-grid.default\">\n\t\t\t\t<div class=\"elementor-widget-container\">\n\t\t\t\t\t\r\n\t\t<div class=\" rs-addon-services services-style1 service_shape_\">\r\n\t\t    <div class=\"services-part style9-top\">\r\n\r\n\r\n\t\t    \t\t\t\t    \t\t    \t\t\r\n\t\t    \t\r\n\t\t    \t\t\t\r\n\t\t    \t\t\t\t\t\t    \t\t\t<div class=\"services-icon  image \">\r\n\r\n\t\t\t\t\t    \t\t\r\n\t\t\t\t\t    \t\t\t\t\t\t\t    \t\t\t<img decoding=\"async\" class=\"main-img\" src=\"https:\/\/keenitsolutions.com\/products\/wordpress\/reobiz\/wp-content\/uploads\/2020\/11\/service_icon2.png\" alt=\"image\"\/>\r\n\t\t\t\t\t    \t\t\r\n\t\t\t\t\t    \t\t\t\t\t\t    \t\t<\/div>\r\n\t\t\t    \t\t\r\n\r\n\t\t    \t\t\t    \t\t       \r\n\t\t\t    <div class=\"services-text\">\r\n\r\n\t\t\t    \t\r\n\r\n\t\t\t    \t\t\t\t\t    \t<div class=\"services-title\">\t\t\t\t    \t\t\r\n\t\t\t\t    \t\t\t\t\t\t\t    \t\t\t\t\t\t\t    \t\t\t\r\n\t\t\t\t    \t\t<h2  class=\"title\"> <a href=\"mailto:info@ouacompany.com\"  >Plateforme E-Commerce<\/a><\/h2>\r\n\t\t\t\t    \t\t\t\t\t\t    \t\t\r\n\t\t\t\t    \t<\/div>\r\n\t\t\t    \t\t\r\n\r\n\t\t\t    \t\t\t\t    \t\t<p class=\"services-txt\">  Vous d\u00e9sirez obtenir votre propre plateforme E-Commerce? Nous cr\u00e9ons pour vous une plateforme de vente en ligne personnalis\u00e9e. <\/p>\t\r\n\t\t\t    \t\t\r\n\r\n\r\n\r\n\t\t\t    \t\t    \t    \t\t\t    \t    \t\r\n\r\n\r\n\r\n\t\t\t    <\/div>\r\n\t\t\t<\/div>\r\n\t\t<\/div>\t\r\n\t\t\r\n\t\t\t<\/div>\n\t\t\t\t<\/div>\n\t\t\t\t\t<\/div>\n\t\t<\/div>\n\t\t\t\t<div class=\"elementor-column elementor-col-33 elementor-top-column elementor-element elementor-element-7dab1c11 elementor-invisible\" data-id=\"7dab1c11\" data-element_type=\"column\" data-settings=\"{&quot;animation&quot;:&quot;fadeIn&quot;}\">\n\t\t\t<div class=\"elementor-widget-wrap elementor-element-populated\">\n\t\t\t\t\t\t\t\t<div class=\"elementor-element elementor-element-2299a2c1 elementor-widget elementor-widget-rs-service-grid\" data-id=\"2299a2c1\" data-element_type=\"widget\" data-widget_type=\"rs-service-grid.default\">\n\t\t\t\t<div class=\"elementor-widget-container\">\n\t\t\t\t\t\r\n\t\t<div class=\" rs-addon-services services-style1 service_shape_\">\r\n\t\t    <div class=\"services-part style9-top\">\r\n\r\n\r\n\t\t    \t\t\t\t    \t\t    \t\t\r\n\t\t    \t\r\n\t\t    \t\t\t\r\n\t\t    \t\t\t\t\t\t    \t\t\t<div class=\"services-icon  image \">\r\n\r\n\t\t\t\t\t    \t\t\r\n\t\t\t\t\t    \t\t\t\t\t\t\t    \t\t\t<img decoding=\"async\" class=\"main-img\" src=\"https:\/\/keenitsolutions.com\/products\/wordpress\/reobiz\/wp-content\/uploads\/2020\/11\/service_icon3.png\" alt=\"image\"\/>\r\n\t\t\t\t\t    \t\t\r\n\t\t\t\t\t    \t\t\t\t\t\t    \t\t<\/div>\r\n\t\t\t    \t\t\r\n\r\n\t\t    \t\t\t    \t\t       \r\n\t\t\t    <div class=\"services-text\">\r\n\r\n\t\t\t    \t\r\n\r\n\t\t\t    \t\t\t\t\t    \t<div class=\"services-title\">\t\t\t\t    \t\t\r\n\t\t\t\t    \t\t\t\t\t\t\t    \t\t\t\t\t\t\t    \t\t\t\r\n\t\t\t\t    \t\t<h2  class=\"title\"> <a href=\"mailto:info@ouacompany.com\"  >Conseils en E-Commerce<\/a><\/h2>\r\n\t\t\t\t    \t\t\t\t\t\t    \t\t\r\n\t\t\t\t    \t<\/div>\r\n\t\t\t    \t\t\r\n\r\n\t\t\t    \t\t\t\t    \t\t<p class=\"services-txt\">  Vous avez une plateforme E-Commerce et vous cherchez \u00e0 obtenir des conseils pour am\u00e9liorer ses performances? Nous vous guiderons dans la refonte de votre plateforme et pour booster vos ventes.<\/p>\t\r\n\t\t\t    \t\t\r\n\r\n\r\n\r\n\t\t\t    \t\t    \t    \t\t\t    \t    \t\r\n\r\n\r\n\r\n\t\t\t    <\/div>\r\n\t\t\t<\/div>\r\n\t\t<\/div>\t\r\n\t\t\r\n\t\t\t<\/div>\n\t\t\t\t<\/div>\n\t\t\t\t\t<\/div>\n\t\t<\/div>\n\t\t\t\t\t\t\t<\/div>\n\t\t<\/section>\n\t\t\t\t<section class=\"elementor-section elementor-top-section elementor-element elementor-element-49b6b478 elementor-section-stretched elementor-section-full_width elementor-section-height-default elementor-section-height-default\" data-id=\"49b6b478\" data-element_type=\"section\" data-settings=\"{&quot;stretch_section&quot;:&quot;section-stretched&quot;,&quot;background_background&quot;:&quot;classic&quot;,&quot;shape_divider_top&quot;:&quot;waves&quot;,&quot;shape_divider_bottom&quot;:&quot;waves&quot;,&quot;shape_divider_bottom_negative&quot;:&quot;yes&quot;}\">\n\t\t\t\t\t<div class=\"elementor-shape elementor-shape-top\" data-negative=\"false\">\n\t\t\t<svg xmlns=\"http:\/\/www.w3.org\/2000\/svg\" viewBox=\"0 0 1000 100\" preserveAspectRatio=\"none\">\n\t<path class=\"elementor-shape-fill\" d=\"M421.9,6.5c22.6-2.5,51.5,0.4,75.5,5.3c23.6,4.9,70.9,23.5,100.5,35.7c75.8,32.2,133.7,44.5,192.6,49.7\n\tc23.6,2.1,48.7,3.5,103.4-2.5c54.7-6,106.2-25.6,106.2-25.6V0H0v30.3c0,0,72,32.6,158.4,30.5c39.2-0.7,92.8-6.7,134-22.4\n\tc21.2-8.1,52.2-18.2,79.7-24.2C399.3,7.9,411.6,7.5,421.9,6.5z\"\/>\n<\/svg>\t\t<\/div>\n\t\t\t\t<div class=\"elementor-shape elementor-shape-bottom\" data-negative=\"true\">\n\t\t\t<svg xmlns=\"http:\/\/www.w3.org\/2000\/svg\" viewBox=\"0 0 1000 100\" preserveAspectRatio=\"none\">\n\t<path class=\"elementor-shape-fill\" d=\"M790.5,93.1c-59.3-5.3-116.8-18-192.6-50c-29.6-12.7-76.9-31-100.5-35.9c-23.6-4.9-52.6-7.8-75.5-5.3\n\tc-10.2,1.1-22.6,1.4-50.1,7.4c-27.2,6.3-58.2,16.6-79.4,24.7c-41.3,15.9-94.9,21.9-134,22.6C72,58.2,0,25.8,0,25.8V100h1000V65.3\n\tc0,0-51.5,19.4-106.2,25.7C839.5,97,814.1,95.2,790.5,93.1z\"\/>\n<\/svg>\t\t<\/div>\n\t\t\t\t\t<div class=\"elementor-container elementor-column-gap-default\">\n\t\t\t\t\t<div class=\"elementor-column elementor-col-100 elementor-top-column elementor-element elementor-element-11a0e254\" data-id=\"11a0e254\" data-element_type=\"column\">\n\t\t\t<div class=\"elementor-widget-wrap elementor-element-populated\">\n\t\t\t\t\t\t\t\t<section class=\"elementor-section elementor-inner-section elementor-element elementor-element-26199ae1 elementor-section-content-middle elementor-section-boxed elementor-section-height-default elementor-section-height-default\" data-id=\"26199ae1\" data-element_type=\"section\">\n\t\t\t\t\t\t<div class=\"elementor-container elementor-column-gap-default\">\n\t\t\t\t\t<div class=\"elementor-column elementor-col-50 elementor-inner-column elementor-element elementor-element-b8cedaa\" data-id=\"b8cedaa\" data-element_type=\"column\">\n\t\t\t<div class=\"elementor-widget-wrap elementor-element-populated\">\n\t\t\t\t\t\t\t\t<div class=\"elementor-element elementor-element-5a3d2e2c elementor-widget elementor-widget-rs-heading\" data-id=\"5a3d2e2c\" data-element_type=\"widget\" data-widget_type=\"rs-heading.default\">\n\t\t\t\t<div class=\"elementor-widget-container\">\n\t\t\t        <div class=\"rs-heading style12 left \">\r\n        \t<div class=\"title-inner\">\r\n        \t\t      \t\t\r\n\t            <span class=\"sub-text title-upper\">~ <span class=\"sub-text title-upper\">Strat\u00e9gies<\/span> ~ <\/span><h2 class=\"title\"><span class=\"watermark\"><\/span>Nous optimisons votre plateforme E-Commerce<\/h2>\t        <\/div>\r\n\t                <\/div>\r\n\r\n        \t\t<\/div>\n\t\t\t\t<\/div>\n\t\t\t\t<div class=\"elementor-element elementor-element-222718ce elementor-widget elementor-widget-rs-service-grid\" data-id=\"222718ce\" data-element_type=\"widget\" data-settings=\"{&quot;_animation&quot;:&quot;none&quot;}\" data-widget_type=\"rs-service-grid.default\">\n\t\t\t\t<div class=\"elementor-widget-container\">\n\t\t\t\t\t\r\n\t\t<div class=\"rs-animation-yes rs-addon-services services-style4 service_shape_\">\r\n\t\t    <div class=\"services-part style9-\">\r\n\r\n\r\n\t\t    \t\t\t\t    \t\t    \t\t\r\n\t\t    \t\r\n\t\t    \t\t\t\r\n\t\t    \t\t\t\t\t\t    \t\t\t<div class=\"services-icon elementor-animation-pulse icon no\">\r\n\r\n\t\t\t\t\t    \t\t\t\t\t\t\t    \t\t\t<i class=\"fa fa fa-search\"><\/i>\r\n\t\t\t\t\t    \t\t\r\n\t\t\t\t\t    \t\t\r\n\t\t\t\t\t    \t\t\t\t\t\t    \t\t<\/div>\r\n\t\t\t    \t\t\r\n\r\n\t\t    \t\t\t    \t\t       \r\n\t\t\t    <div class=\"services-text\">\r\n\r\n\t\t\t    \t\r\n\r\n\t\t\t    \t\t\t\t\t    \t<div class=\"services-title\">\t\t\t\t    \t\t\r\n\t\t\t\t    \t\t\t\t\t\t    \t\t\t<h3 class=\"title\"> Services SEO<\/h3>\r\n\t\t\t\t    \t\t\t\t\t\t    \t\t\r\n\t\t\t\t    \t<\/div>\r\n\t\t\t    \t\t\r\n\r\n\t\t\t    \t\t\t\t    \t\t<p class=\"services-txt\">  Nous am\u00e9liorons le r\u00e9f\u00e9rencement de votre plateforme dans les moteurs de recherche<\/p>\t\r\n\t\t\t    \t\t\r\n\r\n\r\n\r\n\t\t\t    \t\t    \t    \t\t\t    \t    \t\r\n\r\n\r\n\r\n\t\t\t    <\/div>\r\n\t\t\t<\/div>\r\n\t\t<\/div>\t\r\n\t\t\r\n\t\t\t<\/div>\n\t\t\t\t<\/div>\n\t\t\t\t<div class=\"elementor-element elementor-element-3edf8533 elementor-widget elementor-widget-rs-service-grid\" data-id=\"3edf8533\" data-element_type=\"widget\" data-settings=\"{&quot;_animation&quot;:&quot;none&quot;}\" data-widget_type=\"rs-service-grid.default\">\n\t\t\t\t<div class=\"elementor-widget-container\">\n\t\t\t\t\t\r\n\t\t<div class=\"rs-animation-yes rs-addon-services services-style4 service_shape_\">\r\n\t\t    <div class=\"services-part style9-\">\r\n\r\n\r\n\t\t    \t\t\t\t    \t\t    \t\t\r\n\t\t    \t\r\n\t\t    \t\t\t\r\n\t\t    \t\t\t\t\t\t    \t\t\t<div class=\"services-icon elementor-animation-pulse icon no\">\r\n\r\n\t\t\t\t\t    \t\t\t\t\t\t\t    \t\t\t<i class=\"fa fa fa-tv\"><\/i>\r\n\t\t\t\t\t    \t\t\r\n\t\t\t\t\t    \t\t\r\n\t\t\t\t\t    \t\t\t\t\t\t    \t\t<\/div>\r\n\t\t\t    \t\t\r\n\r\n\t\t    \t\t\t    \t\t       \r\n\t\t\t    <div class=\"services-text\">\r\n\r\n\t\t\t    \t\r\n\r\n\t\t\t    \t\t\t\t\t    \t<div class=\"services-title\">\t\t\t\t    \t\t\r\n\t\t\t\t    \t\t\t\t\t\t    \t\t\t<h3 class=\"title\"> Vid\u00e9os et Visuels<\/h3>\r\n\t\t\t\t    \t\t\t\t\t\t    \t\t\r\n\t\t\t\t    \t<\/div>\r\n\t\t\t    \t\t\r\n\r\n\t\t\t    \t\t\t\t    \t\t<p class=\"services-txt\">  Nous cr\u00e9ons des vid\u00e9os et visuels pour la publicit\u00e9 de votre plateforme E-Commerce<\/p>\t\r\n\t\t\t    \t\t\r\n\r\n\r\n\r\n\t\t\t    \t\t    \t    \t\t\t    \t    \t\r\n\r\n\r\n\r\n\t\t\t    <\/div>\r\n\t\t\t<\/div>\r\n\t\t<\/div>\t\r\n\t\t\r\n\t\t\t<\/div>\n\t\t\t\t<\/div>\n\t\t\t\t<div class=\"elementor-element elementor-element-13c5d812 elementor-widget elementor-widget-rs-service-grid\" data-id=\"13c5d812\" data-element_type=\"widget\" data-settings=\"{&quot;_animation&quot;:&quot;none&quot;}\" data-widget_type=\"rs-service-grid.default\">\n\t\t\t\t<div class=\"elementor-widget-container\">\n\t\t\t\t\t\r\n\t\t<div class=\"rs-animation-yes rs-addon-services services-style4 service_shape_\">\r\n\t\t    <div class=\"services-part style9-\">\r\n\r\n\r\n\t\t    \t\t\t\t    \t\t    \t\t\r\n\t\t    \t\r\n\t\t    \t\t\t\r\n\t\t    \t\t\t\t\t\t    \t\t\t<div class=\"services-icon elementor-animation-pulse icon no\">\r\n\r\n\t\t\t\t\t    \t\t\t\t\t\t\t    \t\t\t<i class=\"fa fa fa-star-o\"><\/i>\r\n\t\t\t\t\t    \t\t\r\n\t\t\t\t\t    \t\t\r\n\t\t\t\t\t    \t\t\t\t\t\t    \t\t<\/div>\r\n\t\t\t    \t\t\r\n\r\n\t\t    \t\t\t    \t\t       \r\n\t\t\t    <div class=\"services-text\">\r\n\r\n\t\t\t    \t\r\n\r\n\t\t\t    \t\t\t\t\t    \t<div class=\"services-title\">\t\t\t\t    \t\t\r\n\t\t\t\t    \t\t\t\t\t\t    \t\t\t<h3 class=\"title\"> Marketing Digital<\/h3>\r\n\t\t\t\t    \t\t\t\t\t\t    \t\t\r\n\t\t\t\t    \t<\/div>\r\n\t\t\t    \t\t\r\n\r\n\t\t\t    \t\t\t\t    \t\t<p class=\"services-txt\">  Nous mettons en avant votre plateforme E-commerce sur les r\u00e9seaux sociaux<\/p>\t\r\n\t\t\t    \t\t\r\n\r\n\r\n\r\n\t\t\t    \t\t    \t    \t\t\t    \t    \t\r\n\r\n\r\n\r\n\t\t\t    <\/div>\r\n\t\t\t<\/div>\r\n\t\t<\/div>\t\r\n\t\t\r\n\t\t\t<\/div>\n\t\t\t\t<\/div>\n\t\t\t\t\t<\/div>\n\t\t<\/div>\n\t\t\t\t<div class=\"elementor-column elementor-col-50 elementor-inner-column elementor-element elementor-element-490eb388 elementor-invisible\" data-id=\"490eb388\" data-element_type=\"column\" data-settings=\"{&quot;animation&quot;:&quot;fadeInRight&quot;}\">\n\t\t\t<div class=\"elementor-widget-wrap elementor-element-populated\">\n\t\t\t\t\t\t\t\t<div class=\"elementor-element elementor-element-34130281 elementor-widget elementor-widget-rs-image-shabe-animation-effect\" data-id=\"34130281\" data-element_type=\"widget\" data-widget_type=\"rs-image-shabe-animation-effect.default\">\n\t\t\t\t<div class=\"elementor-widget-container\">\n\t\t\t\n        <div class=\"rs-animation-shape-image\">\n\n                            <div class=\"pattern\">\n                    <img decoding=\"async\" class=\"scale2\" src=\"https:\/\/keenitsolutions.com\/products\/wordpress\/reobiz\/wp-content\/uploads\/2020\/11\/seo_shape2.png\" alt=\"image\"\/>\n                <\/div>\n            \n\n                            <div class=\"middle-image\">\n                    <img decoding=\"async\" src=\"https:\/\/ouacompany.com\/wp-content\/uploads\/2021\/03\/panier.jpeg\" alt=\"image\"\/>\n                <\/div>\n            \n\n                            <div class=\"shape\">\n                    <img decoding=\"async\" class=\"dance\" src=\"https:\/\/keenitsolutions.com\/products\/wordpress\/reobiz\/wp-content\/uploads\/2020\/11\/seo_shape.png\" alt=\"image\"\/>\n                <\/div>\n            \n\n            \n\n\n        <\/div>      \n    \t\t<\/div>\n\t\t\t\t<\/div>\n\t\t\t\t\t<\/div>\n\t\t<\/div>\n\t\t\t\t\t\t\t<\/div>\n\t\t<\/section>\n\t\t\t\t\t<\/div>\n\t\t<\/div>\n\t\t\t\t\t\t\t<\/div>\n\t\t<\/section>\n\t\t\t\t\t\t<\/div>\n\t\t\t\t\t<\/div>\n\t\t","protected":false},"excerpt":{"rendered":"<p>Solutions E-Commerce Vous \u00eates commer\u00e7ants et cherchez un moyen de vendre facilement en ligne? Devenir vendeur OuaDakar Marketplace OuaDakar En tant que commer\u00e7ant vous pouvez ais\u00e9ment ouvrir votre boutique en ligne sur la plateforme OuaDakar.net. Nous vous apportons un soutien quotidien dans la gestion de votre boutique en ligne. Plateforme E-Commerce Vous d\u00e9sirez obtenir votre&#8230;<\/p>\n","protected":false},"author":1,"featured_media":0,"parent":0,"menu_order":0,"comment_status":"closed","ping_status":"closed","template":"","meta":{"footnotes":""},"class_list":["post-10642","page","type-page","status-publish","hentry"],"_links":{"self":[{"href":"https:\/\/ouacompany.com\/index.php?rest_route=\/wp\/v2\/pages\/10642","targetHints":{"allow":["GET"]}}],"collection":[{"href":"https:\/\/ouacompany.com\/index.php?rest_route=\/wp\/v2\/pages"}],"about":[{"href":"https:\/\/ouacompany.com\/index.php?rest_route=\/wp\/v2\/types\/page"}],"author":[{"embeddable":true,"href":"https:\/\/ouacompany.com\/index.php?rest_route=\/wp\/v2\/users\/1"}],"replies":[{"embeddable":true,"href":"https:\/\/ouacompany.com\/index.php?rest_route=%2Fwp%2Fv2%2Fcomments&post=10642"}],"version-history":[{"count":127,"href":"https:\/\/ouacompany.com\/index.php?rest_route=\/wp\/v2\/pages\/10642\/revisions"}],"predecessor-version":[{"id":17764,"href":"https:\/\/ouacompany.com\/index.php?rest_route=\/wp\/v2\/pages\/10642\/revisions\/17764"}],"wp:attachment":[{"href":"https:\/\/ouacompany.com\/index.php?rest_route=%2Fwp%2Fv2%2Fmedia&parent=10642"}],"curies":[{"name":"wp","href":"https:\/\/api.w.org\/{rel}","templated":true}]}}